{"id":1647,"date":"2025-08-22T11:49:33","date_gmt":"2025-08-22T10:49:33","guid":{"rendered":"https:\/\/labaells.cat\/noticias\/"},"modified":"2025-10-15T10:49:55","modified_gmt":"2025-10-15T08:49:55","slug":"noticias","status":"publish","type":"page","link":"https:\/\/labaells.cat\/es\/noticias\/","title":{"rendered":"Noticias"},"content":{"rendered":"\t\t<div data-elementor-type=\"wp-page\" data-elementor-id=\"1647\" class=\"elementor elementor-1647 elementor-638\" data-elementor-post-type=\"page\">\n\t\t\t\t<div class=\"elementor-element elementor-element-15a3438 e-flex e-con-boxed e-con e-parent\" data-id=\"15a3438\" data-element_type=\"container\" data-e-type=\"container\" data-settings=\"{&quot;background_background&quot;:&quot;classic&quot;}\">\n\t\t\t\t\t<div class=\"e-con-inner\">\n\t\t\t\t<div class=\"elementor-element elementor-element-deefb12 elementor-widget elementor-widget-heading\" data-id=\"deefb12\" data-element_type=\"widget\" data-e-type=\"widget\" data-widget_type=\"heading.default\">\n\t\t\t\t\t<h1 class=\"elementor-heading-title elementor-size-default\">Noticias<\/h1>\t\t\t\t<\/div>\n\t\t\t\t\t<\/div>\n\t\t\t\t<\/div>\n\t\t<div class=\"elementor-element elementor-element-fea3088 e-flex e-con-boxed e-con e-parent\" data-id=\"fea3088\" data-element_type=\"container\" data-e-type=\"container\">\n\t\t\t\t\t<div class=\"e-con-inner\">\n\t\t\t\t<div class=\"elementor-element elementor-element-c32208b elementor-grid-3 elementor-grid-tablet-2 elementor-grid-mobile-1 elementor-widget elementor-widget-loop-grid\" data-id=\"c32208b\" data-element_type=\"widget\" data-e-type=\"widget\" data-settings=\"{&quot;template_id&quot;:1576,&quot;_skin&quot;:&quot;post&quot;,&quot;columns&quot;:&quot;3&quot;,&quot;columns_tablet&quot;:&quot;2&quot;,&quot;columns_mobile&quot;:&quot;1&quot;,&quot;edit_handle_selector&quot;:&quot;[data-elementor-type=\\&quot;loop-item\\&quot;]&quot;,&quot;row_gap&quot;:{&quot;unit&quot;:&quot;px&quot;,&quot;size&quot;:&quot;&quot;,&quot;sizes&quot;:[]},&quot;row_gap_laptop&quot;:{&quot;unit&quot;:&quot;px&quot;,&quot;size&quot;:&quot;&quot;,&quot;sizes&quot;:[]},&quot;row_gap_tablet_extra&quot;:{&quot;unit&quot;:&quot;px&quot;,&quot;size&quot;:&quot;&quot;,&quot;sizes&quot;:[]},&quot;row_gap_tablet&quot;:{&quot;unit&quot;:&quot;px&quot;,&quot;size&quot;:&quot;&quot;,&quot;sizes&quot;:[]},&quot;row_gap_mobile_extra&quot;:{&quot;unit&quot;:&quot;px&quot;,&quot;size&quot;:&quot;&quot;,&quot;sizes&quot;:[]},&quot;row_gap_mobile&quot;:{&quot;unit&quot;:&quot;px&quot;,&quot;size&quot;:&quot;&quot;,&quot;sizes&quot;:[]}}\" data-widget_type=\"loop-grid.post\">\n\t\t\t\t<div class=\"elementor-widget-container\">\n\t\t\t\t\t\t\t<div class=\"elementor-loop-container elementor-grid\" role=\"list\">\n\t\t<style id=\"loop-1576\">.elementor-1576 .elementor-element.elementor-element-bce89db{--display:flex;}.elementor-1576 .elementor-element.elementor-element-38ed9f5 .elementor-heading-title{font-weight:700;}.elementor-1576 .elementor-element.elementor-element-38ed9f5{margin:0px 10px calc(var(--kit-widget-spacing, 0px) + 0px) 10px;}<\/style>\t\t<div data-elementor-type=\"loop-item\" data-elementor-id=\"1576\" class=\"elementor elementor-1576 elementor-626 elementor-626 e-loop-item e-loop-item-1667 post-1667 post type-post status-publish format-standard has-post-thumbnail hentry category-sin-categoria tag-region-7\" data-elementor-post-type=\"elementor_library\" data-custom-edit-handle=\"1\">\n\t\t\t<div class=\"elementor-element elementor-element-bce89db e-flex e-con-boxed e-con e-parent\" data-id=\"bce89db\" data-element_type=\"container\" data-e-type=\"container\">\n\t\t\t\t\t<div class=\"e-con-inner\">\n\t\t\t\t<div class=\"elementor-element elementor-element-002abe6 elementor-widget elementor-widget-theme-post-featured-image elementor-widget-image\" data-id=\"002abe6\" data-element_type=\"widget\" data-e-type=\"widget\" data-widget_type=\"theme-post-featured-image.default\">\n\t\t\t\t\t\t\t\t\t\t\t\t\t\t\t\t<a href=\"https:\/\/labaells.cat\/es\/las-centrales-normales-turbinan-agua-y-hacen-electricidad-mientras-que-las-reversibles-pueden-trabajar-tambien-a-la-inversa\/\">\n\t\t\t\t\t\t\t<img decoding=\"async\" src=\"https:\/\/labaells.cat\/wp-content\/uploads\/elementor\/thumbs\/5-scaled-rayr91lh1uict7fr20la14injzm8n6f95kbifyqr80.jpg\" title=\"5\" alt=\"5\" loading=\"lazy\" \/>\t\t\t\t\t\t\t\t<\/a>\n\t\t\t\t\t\t\t\t\t\t\t\t\t\t\t<\/div>\n\t\t\t\t<div class=\"elementor-element elementor-element-38ed9f5 elementor-widget elementor-widget-theme-post-title elementor-page-title elementor-widget-heading\" data-id=\"38ed9f5\" data-element_type=\"widget\" data-e-type=\"widget\" data-widget_type=\"theme-post-title.default\">\n\t\t\t\t\t<p class=\"elementor-heading-title elementor-size-default\"><a href=\"https:\/\/labaells.cat\/es\/las-centrales-normales-turbinan-agua-y-hacen-electricidad-mientras-que-las-reversibles-pueden-trabajar-tambien-a-la-inversa\/\">\u201cLas centrales normales turbinan agua y hacen electricidad, mientras que las reversibles pueden trabajar tambi\u00e9n a la inversa\u201d<\/a><\/p>\t\t\t\t<\/div>\n\t\t\t\t\t<\/div>\n\t\t\t\t<\/div>\n\t\t\t\t<\/div>\n\t\t\t\t<div data-elementor-type=\"loop-item\" data-elementor-id=\"1576\" class=\"elementor elementor-1576 elementor-626 elementor-626 e-loop-item e-loop-item-1631 post-1631 post type-post status-publish format-standard has-post-thumbnail hentry category-sin-categoria\" data-elementor-post-type=\"elementor_library\" data-custom-edit-handle=\"1\">\n\t\t\t<div class=\"elementor-element elementor-element-bce89db e-flex e-con-boxed e-con e-parent\" data-id=\"bce89db\" data-element_type=\"container\" data-e-type=\"container\">\n\t\t\t\t\t<div class=\"e-con-inner\">\n\t\t\t\t<div class=\"elementor-element elementor-element-002abe6 elementor-widget elementor-widget-theme-post-featured-image elementor-widget-image\" data-id=\"002abe6\" data-element_type=\"widget\" data-e-type=\"widget\" data-widget_type=\"theme-post-featured-image.default\">\n\t\t\t\t\t\t\t\t\t\t\t\t\t\t\t\t<a href=\"https:\/\/labaells.cat\/es\/verbund-green-power-y-capital-energy-firman-una-alianza-estrategica-para-desarrollar-plantas-hidroelectricas-de-bombeo\/\">\n\t\t\t\t\t\t\t<img decoding=\"async\" src=\"https:\/\/labaells.cat\/wp-content\/uploads\/elementor\/thumbs\/DJI_0191-scaled-rayr94ezmcm7s1bnljt5qlt1c58ca9qg5y9yvsmkpc.jpg\" title=\"default\" alt=\"default\" loading=\"lazy\" \/>\t\t\t\t\t\t\t\t<\/a>\n\t\t\t\t\t\t\t\t\t\t\t\t\t\t\t<\/div>\n\t\t\t\t<div class=\"elementor-element elementor-element-38ed9f5 elementor-widget elementor-widget-theme-post-title elementor-page-title elementor-widget-heading\" data-id=\"38ed9f5\" data-element_type=\"widget\" data-e-type=\"widget\" data-widget_type=\"theme-post-title.default\">\n\t\t\t\t\t<p class=\"elementor-heading-title elementor-size-default\"><a href=\"https:\/\/labaells.cat\/es\/verbund-green-power-y-capital-energy-firman-una-alianza-estrategica-para-desarrollar-plantas-hidroelectricas-de-bombeo\/\">VERBUND Green Power y Capital Energy firman una alianza estrat\u00e9gica para desarrollar plantas hidroel\u00e9ctricas de bombeo<\/a><\/p>\t\t\t\t<\/div>\n\t\t\t\t\t<\/div>\n\t\t\t\t<\/div>\n\t\t\t\t<\/div>\n\t\t\t\t<div data-elementor-type=\"loop-item\" data-elementor-id=\"1576\" class=\"elementor elementor-1576 elementor-626 elementor-626 e-loop-item e-loop-item-1636 post-1636 post type-post status-publish format-standard has-post-thumbnail hentry category-sin-categoria\" data-elementor-post-type=\"elementor_library\" data-custom-edit-handle=\"1\">\n\t\t\t<div class=\"elementor-element elementor-element-bce89db e-flex e-con-boxed e-con e-parent\" data-id=\"bce89db\" data-element_type=\"container\" data-e-type=\"container\">\n\t\t\t\t\t<div class=\"e-con-inner\">\n\t\t\t\t<div class=\"elementor-element elementor-element-002abe6 elementor-widget elementor-widget-theme-post-featured-image elementor-widget-image\" data-id=\"002abe6\" data-element_type=\"widget\" data-e-type=\"widget\" data-widget_type=\"theme-post-featured-image.default\">\n\t\t\t\t\t\t\t\t\t\t\t\t\t\t\t\t<a href=\"https:\/\/labaells.cat\/es\/las-centrales-reversibles-ganan-peso-para-aprovechar-excedentes-y-cubrir-la-demanda-electrica\/\">\n\t\t\t\t\t\t\t<img decoding=\"async\" src=\"https:\/\/labaells.cat\/wp-content\/uploads\/elementor\/thumbs\/Foto-Noticia-3-rayr96ao00osf98xakmevlbyiwz2pnxwu7kxucjscw.jpg\" title=\"Vistas del plan de Clar\u00e0, en la Nou de Bergued\u00e0, donde quieren hacer una central hidroel\u00e9ctrica reversible\" alt=\"Vistas del plan de Clar\u00e0, en la Nou de Bergued\u00e0, donde quieren hacer una central hidroel\u00e9ctrica reversible\" loading=\"lazy\" \/>\t\t\t\t\t\t\t\t<\/a>\n\t\t\t\t\t\t\t\t\t\t\t\t\t\t\t<\/div>\n\t\t\t\t<div class=\"elementor-element elementor-element-38ed9f5 elementor-widget elementor-widget-theme-post-title elementor-page-title elementor-widget-heading\" data-id=\"38ed9f5\" data-element_type=\"widget\" data-e-type=\"widget\" data-widget_type=\"theme-post-title.default\">\n\t\t\t\t\t<p class=\"elementor-heading-title elementor-size-default\"><a href=\"https:\/\/labaells.cat\/es\/las-centrales-reversibles-ganan-peso-para-aprovechar-excedentes-y-cubrir-la-demanda-electrica\/\">Las centrales reversibles ganan peso para aprovechar excedentes y cubrir la demanda el\u00e9ctrica<\/a><\/p>\t\t\t\t<\/div>\n\t\t\t\t\t<\/div>\n\t\t\t\t<\/div>\n\t\t\t\t<\/div>\n\t\t\t\t<div data-elementor-type=\"loop-item\" data-elementor-id=\"1576\" class=\"elementor elementor-1576 elementor-626 elementor-626 e-loop-item e-loop-item-1640 post-1640 post type-post status-publish format-standard has-post-thumbnail hentry category-sin-categoria tag-region-7\" data-elementor-post-type=\"elementor_library\" data-custom-edit-handle=\"1\">\n\t\t\t<div class=\"elementor-element elementor-element-bce89db e-flex e-con-boxed e-con e-parent\" data-id=\"bce89db\" data-element_type=\"container\" data-e-type=\"container\">\n\t\t\t\t\t<div class=\"e-con-inner\">\n\t\t\t\t<div class=\"elementor-element elementor-element-002abe6 elementor-widget elementor-widget-theme-post-featured-image elementor-widget-image\" data-id=\"002abe6\" data-element_type=\"widget\" data-e-type=\"widget\" data-widget_type=\"theme-post-featured-image.default\">\n\t\t\t\t\t\t\t\t\t\t\t\t\t\t\t\t<a href=\"https:\/\/labaells.cat\/es\/el-papel-clave-de-las-centrales-hidroelectricas-en-la-transicion-energetica-en-cataluna\/\">\n\t\t\t\t\t\t\t<img decoding=\"async\" src=\"https:\/\/labaells.cat\/wp-content\/uploads\/elementor\/thumbs\/Foto-Noticia-2-rayr96ao00osf98xakmevlbyiwz2pnxwu7kxucjscw.webp\" title=\"Foto Noticia 2\" alt=\"Foto Noticia 2\" loading=\"lazy\" \/>\t\t\t\t\t\t\t\t<\/a>\n\t\t\t\t\t\t\t\t\t\t\t\t\t\t\t<\/div>\n\t\t\t\t<div class=\"elementor-element elementor-element-38ed9f5 elementor-widget elementor-widget-theme-post-title elementor-page-title elementor-widget-heading\" data-id=\"38ed9f5\" data-element_type=\"widget\" data-e-type=\"widget\" data-widget_type=\"theme-post-title.default\">\n\t\t\t\t\t<p class=\"elementor-heading-title elementor-size-default\"><a href=\"https:\/\/labaells.cat\/es\/el-papel-clave-de-las-centrales-hidroelectricas-en-la-transicion-energetica-en-cataluna\/\">El papel clave de las centrales hidroel\u00e9ctricas en la transici\u00f3n energ\u00e9tica en Catalu\u00f1a<\/a><\/p>\t\t\t\t<\/div>\n\t\t\t\t\t<\/div>\n\t\t\t\t<\/div>\n\t\t\t\t<\/div>\n\t\t\t\t<div data-elementor-type=\"loop-item\" data-elementor-id=\"1576\" class=\"elementor elementor-1576 elementor-626 elementor-626 e-loop-item e-loop-item-1644 post-1644 post type-post status-publish format-standard has-post-thumbnail hentry category-sin-categoria\" data-elementor-post-type=\"elementor_library\" data-custom-edit-handle=\"1\">\n\t\t\t<div class=\"elementor-element elementor-element-bce89db e-flex e-con-boxed e-con e-parent\" data-id=\"bce89db\" data-element_type=\"container\" data-e-type=\"container\">\n\t\t\t\t\t<div class=\"e-con-inner\">\n\t\t\t\t<div class=\"elementor-element elementor-element-002abe6 elementor-widget elementor-widget-theme-post-featured-image elementor-widget-image\" data-id=\"002abe6\" data-element_type=\"widget\" data-e-type=\"widget\" data-widget_type=\"theme-post-featured-image.default\">\n\t\t\t\t\t\t\t\t\t\t\t\t\t\t\t\t<a href=\"https:\/\/labaells.cat\/es\/la-energetica-comienza-los-tramites-para-invertir-en-la-central-reversible-de-la-baells\/\">\n\t\t\t\t\t\t\t<img decoding=\"async\" src=\"https:\/\/labaells.cat\/wp-content\/uploads\/elementor\/thumbs\/pont-panta-rayr986cdord2h66zlfo0kuvpopt525digvwswh00g.jpg\" title=\"puente pantano\" alt=\"puente pantano\" loading=\"lazy\" \/>\t\t\t\t\t\t\t\t<\/a>\n\t\t\t\t\t\t\t\t\t\t\t\t\t\t\t<\/div>\n\t\t\t\t<div class=\"elementor-element elementor-element-38ed9f5 elementor-widget elementor-widget-theme-post-title elementor-page-title elementor-widget-heading\" data-id=\"38ed9f5\" data-element_type=\"widget\" data-e-type=\"widget\" data-widget_type=\"theme-post-title.default\">\n\t\t\t\t\t<p class=\"elementor-heading-title elementor-size-default\"><a href=\"https:\/\/labaells.cat\/es\/la-energetica-comienza-los-tramites-para-invertir-en-la-central-reversible-de-la-baells\/\">La Energ\u00e9tica comienza los tr\u00e1mites para invertir en la central reversible de la Baells<\/a><\/p>\t\t\t\t<\/div>\n\t\t\t\t\t<\/div>\n\t\t\t\t<\/div>\n\t\t\t\t<\/div>\n\t\t\t\t<div data-elementor-type=\"loop-item\" data-elementor-id=\"1576\" class=\"elementor elementor-1576 elementor-626 elementor-626 e-loop-item e-loop-item-1648 post-1648 post type-post status-publish format-standard has-post-thumbnail hentry category-sin-categoria tag-nacio-digital\" data-elementor-post-type=\"elementor_library\" data-custom-edit-handle=\"1\">\n\t\t\t<div class=\"elementor-element elementor-element-bce89db e-flex e-con-boxed e-con e-parent\" data-id=\"bce89db\" data-element_type=\"container\" data-e-type=\"container\">\n\t\t\t\t\t<div class=\"e-con-inner\">\n\t\t\t\t<div class=\"elementor-element elementor-element-002abe6 elementor-widget elementor-widget-theme-post-featured-image elementor-widget-image\" data-id=\"002abe6\" data-element_type=\"widget\" data-e-type=\"widget\" data-widget_type=\"theme-post-featured-image.default\">\n\t\t\t\t\t\t\t\t\t\t\t\t\t\t\t\t<a href=\"https:\/\/labaells.cat\/es\/los-promotores-de-la-central-hidroelectrica-reversible-solicitan-la-concesion-de-aguas-de-la-baells\/\">\n\t\t\t\t\t\t\t<img decoding=\"async\" src=\"https:\/\/labaells.cat\/wp-content\/uploads\/elementor\/thumbs\/Noticies--rayr978i6uq2qv7k5311g33f4aufxd1n6c8fbmie6o.jpg\" title=\"Noticias\" alt=\"Noticias\" loading=\"lazy\" \/>\t\t\t\t\t\t\t\t<\/a>\n\t\t\t\t\t\t\t\t\t\t\t\t\t\t\t<\/div>\n\t\t\t\t<div class=\"elementor-element elementor-element-38ed9f5 elementor-widget elementor-widget-theme-post-title elementor-page-title elementor-widget-heading\" data-id=\"38ed9f5\" data-element_type=\"widget\" data-e-type=\"widget\" data-widget_type=\"theme-post-title.default\">\n\t\t\t\t\t<p class=\"elementor-heading-title elementor-size-default\"><a href=\"https:\/\/labaells.cat\/es\/los-promotores-de-la-central-hidroelectrica-reversible-solicitan-la-concesion-de-aguas-de-la-baells\/\">Los promotores de la central hidroel\u00e9ctrica reversible solicitan la concesi\u00f3n de aguas de la Baells<\/a><\/p>\t\t\t\t<\/div>\n\t\t\t\t\t<\/div>\n\t\t\t\t<\/div>\n\t\t\t\t<\/div>\n\t\t\t\t<\/div>\n\t\t\n\t\t\t\t\t\t<\/div>\n\t\t\t\t<\/div>\n\t\t\t\t\t<\/div>\n\t\t\t\t<\/div>\n\t\t\t\t<\/div>\n\t\t","protected":false},"excerpt":{"rendered":"<p>Noticias<\/p>\n","protected":false},"author":1,"featured_media":0,"parent":0,"menu_order":0,"comment_status":"closed","ping_status":"closed","template":"","meta":{"footnotes":""},"class_list":["post-1647","page","type-page","status-publish","hentry"],"yoast_head":"<!-- This site is optimized with the Yoast SEO plugin v27.6 - https:\/\/yoast.com\/product\/yoast-seo-wordpress\/ -->\n<title>Noticias - La Baells<\/title>\n<meta name=\"robots\" content=\"index, follow, max-snippet:-1, max-image-preview:large, max-video-preview:-1\" \/>\n<link rel=\"canonical\" href=\"https:\/\/labaells.cat\/es\/noticias\/\" \/>\n<meta property=\"og:locale\" content=\"es_ES\" \/>\n<meta property=\"og:type\" content=\"article\" \/>\n<meta property=\"og:title\" content=\"Noticias - La Baells\" \/>\n<meta property=\"og:description\" content=\"Noticias\" \/>\n<meta property=\"og:url\" content=\"https:\/\/labaells.cat\/es\/noticias\/\" \/>\n<meta property=\"og:site_name\" content=\"La Baells\" \/>\n<meta property=\"article:modified_time\" content=\"2025-10-15T08:49:55+00:00\" \/>\n<meta name=\"twitter:card\" content=\"summary_large_image\" \/>\n<script type=\"application\/ld+json\" class=\"yoast-schema-graph\">{\"@context\":\"https:\\\/\\\/schema.org\",\"@graph\":[{\"@type\":\"WebPage\",\"@id\":\"https:\\\/\\\/labaells.cat\\\/es\\\/noticias\\\/\",\"url\":\"https:\\\/\\\/labaells.cat\\\/es\\\/noticias\\\/\",\"name\":\"Noticias - La Baells\",\"isPartOf\":{\"@id\":\"https:\\\/\\\/labaells.cat\\\/es\\\/#website\"},\"datePublished\":\"2025-08-22T10:49:33+00:00\",\"dateModified\":\"2025-10-15T08:49:55+00:00\",\"breadcrumb\":{\"@id\":\"https:\\\/\\\/labaells.cat\\\/es\\\/noticias\\\/#breadcrumb\"},\"inLanguage\":\"es\",\"potentialAction\":[{\"@type\":\"ReadAction\",\"target\":[\"https:\\\/\\\/labaells.cat\\\/es\\\/noticias\\\/\"]}]},{\"@type\":\"BreadcrumbList\",\"@id\":\"https:\\\/\\\/labaells.cat\\\/es\\\/noticias\\\/#breadcrumb\",\"itemListElement\":[{\"@type\":\"ListItem\",\"position\":1,\"name\":\"Inici\",\"item\":\"https:\\\/\\\/labaells.cat\\\/es\\\/\"},{\"@type\":\"ListItem\",\"position\":2,\"name\":\"Noticias\"}]},{\"@type\":\"WebSite\",\"@id\":\"https:\\\/\\\/labaells.cat\\\/es\\\/#website\",\"url\":\"https:\\\/\\\/labaells.cat\\\/es\\\/\",\"name\":\"La Baells\",\"description\":\"central hidroel\u00e8ctrica reversibre\",\"publisher\":{\"@id\":\"https:\\\/\\\/labaells.cat\\\/es\\\/#organization\"},\"potentialAction\":[{\"@type\":\"SearchAction\",\"target\":{\"@type\":\"EntryPoint\",\"urlTemplate\":\"https:\\\/\\\/labaells.cat\\\/es\\\/?s={search_term_string}\"},\"query-input\":{\"@type\":\"PropertyValueSpecification\",\"valueRequired\":true,\"valueName\":\"search_term_string\"}}],\"inLanguage\":\"es\"},{\"@type\":\"Organization\",\"@id\":\"https:\\\/\\\/labaells.cat\\\/es\\\/#organization\",\"name\":\"La Baells\",\"url\":\"https:\\\/\\\/labaells.cat\\\/es\\\/\",\"logo\":{\"@type\":\"ImageObject\",\"inLanguage\":\"es\",\"@id\":\"https:\\\/\\\/labaells.cat\\\/es\\\/#\\\/schema\\\/logo\\\/image\\\/\",\"url\":\"https:\\\/\\\/labaells.cat\\\/wp-content\\\/uploads\\\/2025\\\/09\\\/Logo-La-Baells-Blanc.png\",\"contentUrl\":\"https:\\\/\\\/labaells.cat\\\/wp-content\\\/uploads\\\/2025\\\/09\\\/Logo-La-Baells-Blanc.png\",\"width\":2447,\"height\":701,\"caption\":\"La Baells\"},\"image\":{\"@id\":\"https:\\\/\\\/labaells.cat\\\/es\\\/#\\\/schema\\\/logo\\\/image\\\/\"}}]}<\/script>\n<!-- \/ Yoast SEO plugin. -->","yoast_head_json":{"title":"Noticias - La Baells","robots":{"index":"index","follow":"follow","max-snippet":"max-snippet:-1","max-image-preview":"max-image-preview:large","max-video-preview":"max-video-preview:-1"},"canonical":"https:\/\/labaells.cat\/es\/noticias\/","og_locale":"es_ES","og_type":"article","og_title":"Noticias - La Baells","og_description":"Noticias","og_url":"https:\/\/labaells.cat\/es\/noticias\/","og_site_name":"La Baells","article_modified_time":"2025-10-15T08:49:55+00:00","twitter_card":"summary_large_image","schema":{"@context":"https:\/\/schema.org","@graph":[{"@type":"WebPage","@id":"https:\/\/labaells.cat\/es\/noticias\/","url":"https:\/\/labaells.cat\/es\/noticias\/","name":"Noticias - La Baells","isPartOf":{"@id":"https:\/\/labaells.cat\/es\/#website"},"datePublished":"2025-08-22T10:49:33+00:00","dateModified":"2025-10-15T08:49:55+00:00","breadcrumb":{"@id":"https:\/\/labaells.cat\/es\/noticias\/#breadcrumb"},"inLanguage":"es","potentialAction":[{"@type":"ReadAction","target":["https:\/\/labaells.cat\/es\/noticias\/"]}]},{"@type":"BreadcrumbList","@id":"https:\/\/labaells.cat\/es\/noticias\/#breadcrumb","itemListElement":[{"@type":"ListItem","position":1,"name":"Inici","item":"https:\/\/labaells.cat\/es\/"},{"@type":"ListItem","position":2,"name":"Noticias"}]},{"@type":"WebSite","@id":"https:\/\/labaells.cat\/es\/#website","url":"https:\/\/labaells.cat\/es\/","name":"La Baells","description":"central hidroel\u00e8ctrica reversibre","publisher":{"@id":"https:\/\/labaells.cat\/es\/#organization"},"potentialAction":[{"@type":"SearchAction","target":{"@type":"EntryPoint","urlTemplate":"https:\/\/labaells.cat\/es\/?s={search_term_string}"},"query-input":{"@type":"PropertyValueSpecification","valueRequired":true,"valueName":"search_term_string"}}],"inLanguage":"es"},{"@type":"Organization","@id":"https:\/\/labaells.cat\/es\/#organization","name":"La Baells","url":"https:\/\/labaells.cat\/es\/","logo":{"@type":"ImageObject","inLanguage":"es","@id":"https:\/\/labaells.cat\/es\/#\/schema\/logo\/image\/","url":"https:\/\/labaells.cat\/wp-content\/uploads\/2025\/09\/Logo-La-Baells-Blanc.png","contentUrl":"https:\/\/labaells.cat\/wp-content\/uploads\/2025\/09\/Logo-La-Baells-Blanc.png","width":2447,"height":701,"caption":"La Baells"},"image":{"@id":"https:\/\/labaells.cat\/es\/#\/schema\/logo\/image\/"}}]}},"_links":{"self":[{"href":"https:\/\/labaells.cat\/es\/wp-json\/wp\/v2\/pages\/1647","targetHints":{"allow":["GET"]}}],"collection":[{"href":"https:\/\/labaells.cat\/es\/wp-json\/wp\/v2\/pages"}],"about":[{"href":"https:\/\/labaells.cat\/es\/wp-json\/wp\/v2\/types\/page"}],"author":[{"embeddable":true,"href":"https:\/\/labaells.cat\/es\/wp-json\/wp\/v2\/users\/1"}],"replies":[{"embeddable":true,"href":"https:\/\/labaells.cat\/es\/wp-json\/wp\/v2\/comments?post=1647"}],"version-history":[{"count":3,"href":"https:\/\/labaells.cat\/es\/wp-json\/wp\/v2\/pages\/1647\/revisions"}],"predecessor-version":[{"id":2447,"href":"https:\/\/labaells.cat\/es\/wp-json\/wp\/v2\/pages\/1647\/revisions\/2447"}],"wp:attachment":[{"href":"https:\/\/labaells.cat\/es\/wp-json\/wp\/v2\/media?parent=1647"}],"curies":[{"name":"wp","href":"https:\/\/api.w.org\/{rel}","templated":true}]}}