{"id":899,"date":"2025-08-21T15:20:24","date_gmt":"2025-08-21T13:20:24","guid":{"rendered":"https:\/\/labaells.cat\/quienes-somos\/"},"modified":"2026-01-14T11:24:58","modified_gmt":"2026-01-14T09:24:58","slug":"quienes-somos","status":"publish","type":"page","link":"https:\/\/labaells.cat\/es\/quienes-somos\/","title":{"rendered":"Qui\u00e9nes Somos"},"content":{"rendered":"\t\t<div data-elementor-type=\"wp-page\" data-elementor-id=\"899\" class=\"elementor elementor-899 elementor-507\" data-elementor-post-type=\"page\">\n\t\t\t\t<div class=\"elementor-element elementor-element-4c4b695 e-flex e-con-boxed e-con e-parent\" data-id=\"4c4b695\" data-element_type=\"container\" data-e-type=\"container\" data-settings=\"{&quot;background_background&quot;:&quot;classic&quot;}\">\n\t\t\t\t\t<div class=\"e-con-inner\">\n\t\t\t\t<div class=\"elementor-element elementor-element-4902022 elementor-widget elementor-widget-heading\" data-id=\"4902022\" data-element_type=\"widget\" data-e-type=\"widget\" data-widget_type=\"heading.default\">\n\t\t\t\t\t<h1 class=\"elementor-heading-title elementor-size-default\">\u00bfQui\u00e9nes somos?<\/h1>\t\t\t\t<\/div>\n\t\t\t\t<div class=\"elementor-element elementor-element-8865862 elementor-widget__width-initial elementor-widget elementor-widget-heading\" data-id=\"8865862\" data-element_type=\"widget\" data-e-type=\"widget\" data-widget_type=\"heading.default\">\n\t\t\t\t\t<h3 class=\"elementor-heading-title elementor-size-default\">Verbund y E-Storagy unen su experiencia y liderazgo en energ\u00edas renovables para impulsar un proyecto clave para el futuro energ\u00e9tico de Catalu\u00f1a.<\/h3>\t\t\t\t<\/div>\n\t\t\t\t\t<\/div>\n\t\t\t\t<\/div>\n\t\t<div class=\"elementor-element elementor-element-8539e7e e-flex e-con-boxed e-con e-parent\" data-id=\"8539e7e\" data-element_type=\"container\" data-e-type=\"container\">\n\t\t\t\t\t<div class=\"e-con-inner\">\n\t\t\t\t<div class=\"elementor-element elementor-element-2679527 elementor-widget elementor-widget-image\" data-id=\"2679527\" data-element_type=\"widget\" data-e-type=\"widget\" data-widget_type=\"image.default\">\n\t\t\t\t\t\t\t\t\t\t\t\t\t\t\t<img fetchpriority=\"high\" decoding=\"async\" width=\"670\" height=\"304\" src=\"https:\/\/labaells.cat\/wp-content\/uploads\/2025\/08\/QS_Verbund.png\" class=\"attachment-full size-full wp-image-903\" alt=\"\" srcset=\"https:\/\/labaells.cat\/wp-content\/uploads\/2025\/08\/QS_Verbund.png 670w, https:\/\/labaells.cat\/wp-content\/uploads\/2025\/08\/QS_Verbund-300x136.png 300w\" sizes=\"(max-width: 670px) 100vw, 670px\" \/>\t\t\t\t\t\t\t\t\t\t\t\t\t\t\t<\/div>\n\t\t\t\t<div class=\"elementor-element elementor-element-738815b elementor-widget elementor-widget-image\" data-id=\"738815b\" data-element_type=\"widget\" data-e-type=\"widget\" data-widget_type=\"image.default\">\n\t\t\t\t\t\t\t\t\t\t\t\t\t\t\t<img decoding=\"async\" width=\"670\" height=\"304\" src=\"https:\/\/labaells.cat\/wp-content\/uploads\/2025\/08\/QS_Solar.svg\" class=\"attachment-full size-full wp-image-902\" alt=\"\" \/>\t\t\t\t\t\t\t\t\t\t\t\t\t\t\t<\/div>\n\t\t\t\t\t<\/div>\n\t\t\t\t<\/div>\n\t\t<div class=\"elementor-element elementor-element-7a8f6d1 e-flex e-con-boxed e-con e-parent\" data-id=\"7a8f6d1\" data-element_type=\"container\" data-e-type=\"container\" data-settings=\"{&quot;background_background&quot;:&quot;classic&quot;}\">\n\t\t\t\t\t<div class=\"e-con-inner\">\n\t\t<div class=\"elementor-element elementor-element-2ff614c e-con-full e-flex e-con e-child\" data-id=\"2ff614c\" data-element_type=\"container\" data-e-type=\"container\" data-settings=\"{&quot;background_background&quot;:&quot;classic&quot;}\">\n\t\t\t\t<div class=\"elementor-element elementor-element-468cfb9 elementor-widget elementor-widget-image\" data-id=\"468cfb9\" data-element_type=\"widget\" data-e-type=\"widget\" data-widget_type=\"image.default\">\n\t\t\t\t\t\t\t\t\t\t\t\t\t\t\t<img decoding=\"async\" width=\"223\" height=\"46\" src=\"https:\/\/labaells.cat\/wp-content\/uploads\/2025\/08\/Verbund.svg\" class=\"attachment-full size-full wp-image-904\" alt=\"\" \/>\t\t\t\t\t\t\t\t\t\t\t\t\t\t\t<\/div>\n\t\t\t\t<\/div>\n\t\t<div class=\"elementor-element elementor-element-7bdb866 e-con-full e-flex e-con e-child\" data-id=\"7bdb866\" data-element_type=\"container\" data-e-type=\"container\">\n\t\t\t\t<div class=\"elementor-element elementor-element-ddc548e elementor-widget elementor-widget-text-editor\" data-id=\"ddc548e\" data-element_type=\"widget\" data-e-type=\"widget\" data-widget_type=\"text-editor.default\">\n\t\t\t\t\t\t\t\t\t<p><strong>VERBUND<\/strong> es la compa\u00f1\u00eda energ\u00e9tica l\u00edder de Austria y uno de los productores de hidroelectricidad m\u00e1s grandes de Europa. El Grupo genera alrededor del 97 % de su electricidad a partir de energ\u00eda renovable, principalmente hidr\u00e1ulica.  <\/p><p>Actualmente, VERBUND opera m\u00e1s de 130 instalaciones hidroel\u00e9ctricas en todo el continente europeo, con una capacidad total que supera los 8,4 GW, de los que 2,3 GW corresponden a centrales de bombeo. VERBUND cotiza en la Bolsa de Viena desde 1988, con el 51 % de su capital social en manos de la Rep\u00fablica de Austria. <\/p>\t\t\t\t\t\t\t\t<\/div>\n\t\t\t\t<div class=\"elementor-element elementor-element-4053bc9 elementor-align-left elementor-widget__width-initial elementor-widget elementor-widget-button\" data-id=\"4053bc9\" data-element_type=\"widget\" data-e-type=\"widget\" data-widget_type=\"button.default\">\n\t\t\t\t\t\t\t\t\t\t<a class=\"elementor-button elementor-button-link elementor-size-sm elementor-animation-float\" href=\"https:\/\/www.verbund.es\/es\">\n\t\t\t\t\t\t<span class=\"elementor-button-content-wrapper\">\n\t\t\t\t\t\t\t\t\t<span class=\"elementor-button-text\">Visita la p\u00e1gina web de 'Verbund'<\/span>\n\t\t\t\t\t<\/span>\n\t\t\t\t\t<\/a>\n\t\t\t\t\t\t\t\t<\/div>\n\t\t\t\t<\/div>\n\t\t\t\t\t<\/div>\n\t\t\t\t<\/div>\n\t\t<div class=\"elementor-element elementor-element-6bdd492 e-flex e-con-boxed e-con e-parent\" data-id=\"6bdd492\" data-element_type=\"container\" data-e-type=\"container\" data-settings=\"{&quot;background_background&quot;:&quot;classic&quot;}\">\n\t\t\t\t\t<div class=\"e-con-inner\">\n\t\t<div class=\"elementor-element elementor-element-5305cb1 e-con-full e-flex e-con e-child\" data-id=\"5305cb1\" data-element_type=\"container\" data-e-type=\"container\" data-settings=\"{&quot;background_background&quot;:&quot;classic&quot;}\">\n\t\t\t\t<div class=\"elementor-element elementor-element-bbadb9f elementor-widget elementor-widget-image\" data-id=\"bbadb9f\" data-element_type=\"widget\" data-e-type=\"widget\" data-widget_type=\"image.default\">\n\t\t\t\t\t\t\t\t\t\t\t\t\t\t\t<img loading=\"lazy\" decoding=\"async\" width=\"267\" height=\"91\" src=\"https:\/\/labaells.cat\/wp-content\/uploads\/2025\/08\/estoragy.svg\" class=\"attachment-full size-full wp-image-905\" alt=\"\" \/>\t\t\t\t\t\t\t\t\t\t\t\t\t\t\t<\/div>\n\t\t\t\t<\/div>\n\t\t<div class=\"elementor-element elementor-element-5250d32 e-con-full e-flex e-con e-child\" data-id=\"5250d32\" data-element_type=\"container\" data-e-type=\"container\">\n\t\t\t\t<div class=\"elementor-element elementor-element-b0594d3 elementor-widget elementor-widget-text-editor\" data-id=\"b0594d3\" data-element_type=\"widget\" data-e-type=\"widget\" data-widget_type=\"text-editor.default\">\n\t\t\t\t\t\t\t\t\t<p><strong>E-Storagy,<\/strong> un <i>spin-off <\/i>de <strong>Capital Energy<\/strong> especializado en almacenamiento, impulsa el futuro de la transici\u00f3n energ\u00e9tica desarrollando infraestructuras clave para garantizar la continuidad del suministro el\u00e9ctrico, con una importante cartera de proyectos que incluye centrales hidroel\u00e9ctricas de bombeo.<\/p><p>Estos proyectos son fundamentales para la red el\u00e9ctrica, ya que complementan la intermitencia de las energ\u00edas renovables como la e\u00f3lica y la solar. Nuestra tecnolog\u00eda no solo permite almacenar la energ\u00eda limpia, sino que tambi\u00e9n garantiza un suministro fiable y robusto para todos, consolidando as\u00ed la apuesta de Capital Energy por un futuro energ\u00e9tico sostenible en Espa\u00f1a.<\/p>\t\t\t\t\t\t\t\t<\/div>\n\t\t<div class=\"elementor-element elementor-element-319746d e-con-full e-flex e-con e-child\" data-id=\"319746d\" data-element_type=\"container\" data-e-type=\"container\">\n\t\t\t\t<div class=\"elementor-element elementor-element-ec3dad7 elementor-align-left elementor-widget__width-initial elementor-widget elementor-widget-button\" data-id=\"ec3dad7\" data-element_type=\"widget\" data-e-type=\"widget\" data-widget_type=\"button.default\">\n\t\t\t\t\t\t\t\t\t\t<a class=\"elementor-button elementor-button-link elementor-size-sm elementor-animation-float\" href=\"https:\/\/capitalenergy.com\/\">\n\t\t\t\t\t\t<span class=\"elementor-button-content-wrapper\">\n\t\t\t\t\t\t\t\t\t<span class=\"elementor-button-text\">Visita la p\u00e1gina web de 'Capital Energy'<\/span>\n\t\t\t\t\t<\/span>\n\t\t\t\t\t<\/a>\n\t\t\t\t\t\t\t\t<\/div>\n\t\t\t\t<div class=\"elementor-element elementor-element-2d657ad elementor-widget elementor-widget-image\" data-id=\"2d657ad\" data-element_type=\"widget\" data-e-type=\"widget\" data-widget_type=\"image.default\">\n\t\t\t\t\t\t\t\t\t\t\t\t\t\t\t<img loading=\"lazy\" decoding=\"async\" width=\"95\" height=\"68\" src=\"https:\/\/labaells.cat\/wp-content\/uploads\/2025\/08\/LogotipoCE-vectorial.svg\" class=\"attachment-full size-full wp-image-900\" alt=\"\" \/>\t\t\t\t\t\t\t\t\t\t\t\t\t\t\t<\/div>\n\t\t\t\t<\/div>\n\t\t\t\t<\/div>\n\t\t\t\t\t<\/div>\n\t\t\t\t<\/div>\n\t\t<div class=\"elementor-element elementor-element-50d56ef e-flex e-con-boxed e-con e-parent\" data-id=\"50d56ef\" data-element_type=\"container\" data-e-type=\"container\" data-settings=\"{&quot;background_background&quot;:&quot;video&quot;,&quot;background_video_link&quot;:&quot;\\\/wp-content\\\/uploads\\\/2025\\\/09\\\/BG_QUI.mp4&quot;,&quot;background_play_on_mobile&quot;:&quot;yes&quot;}\">\n\t\t\t\t\t<div class=\"e-con-inner\">\n\t\t<div class=\"elementor-background-video-container\">\n\t\t\t\t\t\t\t<video class=\"elementor-background-video-hosted\" role=\"presentation\" autoplay muted playsinline loop><\/video>\n\t\t\t\t\t<\/div>\t\t<div class=\"elementor-element elementor-element-b454ccf elementor-widget__width-initial elementor-widget elementor-widget-heading\" data-id=\"b454ccf\" data-element_type=\"widget\" data-e-type=\"widget\" data-widget_type=\"heading.default\">\n\t\t\t\t\t<h3 class=\"elementor-heading-title elementor-size-default\">Consulta todos los beneficios del proyecto de la Central hidroel\u00e9ctrica reversible de La Baells<\/h3>\t\t\t\t<\/div>\n\t\t\t\t<div class=\"elementor-element elementor-element-bb2cd52 elementor-align-center elementor-widget__width-initial elementor-widget elementor-widget-button\" data-id=\"bb2cd52\" data-element_type=\"widget\" data-e-type=\"widget\" data-widget_type=\"button.default\">\n\t\t\t\t\t\t\t\t\t\t<a class=\"elementor-button elementor-button-link elementor-size-sm elementor-animation-float\" href=\"https:\/\/labaells.cat\/es\/beneficios\/\">\n\t\t\t\t\t\t<span class=\"elementor-button-content-wrapper\">\n\t\t\t\t\t\t\t\t\t<span class=\"elementor-button-text\">M\u00e1s informaci\u00f3n<\/span>\n\t\t\t\t\t<\/span>\n\t\t\t\t\t<\/a>\n\t\t\t\t\t\t\t\t<\/div>\n\t\t\t\t\t<\/div>\n\t\t\t\t<\/div>\n\t\t\t\t<\/div>\n\t\t","protected":false},"excerpt":{"rendered":"<p>\u00bfQui\u00e9nes somos? Verbund y E-Storagy unen su experiencia y liderazgo en energ\u00edas renovables para impulsar un proyecto clave para el futuro energ\u00e9tico de Catalu\u00f1a. VERBUND es la compa\u00f1\u00eda energ\u00e9tica l\u00edder de Austria y uno de los productores de hidroelectricidad m\u00e1s grandes de Europa. El Grupo genera alrededor del 97 % de su electricidad a partir [&hellip;]<\/p>\n","protected":false},"author":1,"featured_media":0,"parent":0,"menu_order":1,"comment_status":"closed","ping_status":"closed","template":"elementor_header_footer","meta":{"footnotes":""},"class_list":["post-899","page","type-page","status-publish","hentry"],"yoast_head":"<!-- This site is optimized with the Yoast SEO plugin v27.6 - https:\/\/yoast.com\/product\/yoast-seo-wordpress\/ -->\n<title>Qui\u00e9nes Somos - La Baells<\/title>\n<meta name=\"robots\" content=\"index, follow, max-snippet:-1, max-image-preview:large, max-video-preview:-1\" \/>\n<link rel=\"canonical\" href=\"https:\/\/labaells.cat\/es\/quienes-somos\/\" \/>\n<meta property=\"og:locale\" content=\"es_ES\" \/>\n<meta property=\"og:type\" content=\"article\" \/>\n<meta property=\"og:title\" content=\"Qui\u00e9nes Somos - La Baells\" \/>\n<meta property=\"og:description\" content=\"\u00bfQui\u00e9nes somos? Verbund y E-Storagy unen su experiencia y liderazgo en energ\u00edas renovables para impulsar un proyecto clave para el futuro energ\u00e9tico de Catalu\u00f1a. VERBUND es la compa\u00f1\u00eda energ\u00e9tica l\u00edder de Austria y uno de los productores de hidroelectricidad m\u00e1s grandes de Europa. El Grupo genera alrededor del 97 % de su electricidad a partir [&hellip;]\" \/>\n<meta property=\"og:url\" content=\"https:\/\/labaells.cat\/es\/quienes-somos\/\" \/>\n<meta property=\"og:site_name\" content=\"La Baells\" \/>\n<meta property=\"article:modified_time\" content=\"2026-01-14T09:24:58+00:00\" \/>\n<meta property=\"og:image\" content=\"https:\/\/labaells.cat\/wp-content\/uploads\/2025\/08\/QS_Verbund.png\" \/>\n\t<meta property=\"og:image:width\" content=\"670\" \/>\n\t<meta property=\"og:image:height\" content=\"304\" \/>\n\t<meta property=\"og:image:type\" content=\"image\/png\" \/>\n<meta name=\"twitter:card\" content=\"summary_large_image\" \/>\n<meta name=\"twitter:label1\" content=\"Tiempo de lectura\" \/>\n\t<meta name=\"twitter:data1\" content=\"1 minuto\" \/>\n<script type=\"application\/ld+json\" class=\"yoast-schema-graph\">{\"@context\":\"https:\\\/\\\/schema.org\",\"@graph\":[{\"@type\":\"WebPage\",\"@id\":\"https:\\\/\\\/labaells.cat\\\/es\\\/quienes-somos\\\/\",\"url\":\"https:\\\/\\\/labaells.cat\\\/es\\\/quienes-somos\\\/\",\"name\":\"Qui\u00e9nes Somos - La Baells\",\"isPartOf\":{\"@id\":\"https:\\\/\\\/labaells.cat\\\/es\\\/#website\"},\"primaryImageOfPage\":{\"@id\":\"https:\\\/\\\/labaells.cat\\\/es\\\/quienes-somos\\\/#primaryimage\"},\"image\":{\"@id\":\"https:\\\/\\\/labaells.cat\\\/es\\\/quienes-somos\\\/#primaryimage\"},\"thumbnailUrl\":\"https:\\\/\\\/labaells.cat\\\/wp-content\\\/uploads\\\/2025\\\/08\\\/QS_Verbund.png\",\"datePublished\":\"2025-08-21T13:20:24+00:00\",\"dateModified\":\"2026-01-14T09:24:58+00:00\",\"breadcrumb\":{\"@id\":\"https:\\\/\\\/labaells.cat\\\/es\\\/quienes-somos\\\/#breadcrumb\"},\"inLanguage\":\"es\",\"potentialAction\":[{\"@type\":\"ReadAction\",\"target\":[\"https:\\\/\\\/labaells.cat\\\/es\\\/quienes-somos\\\/\"]}]},{\"@type\":\"ImageObject\",\"inLanguage\":\"es\",\"@id\":\"https:\\\/\\\/labaells.cat\\\/es\\\/quienes-somos\\\/#primaryimage\",\"url\":\"https:\\\/\\\/labaells.cat\\\/wp-content\\\/uploads\\\/2025\\\/08\\\/QS_Verbund.png\",\"contentUrl\":\"https:\\\/\\\/labaells.cat\\\/wp-content\\\/uploads\\\/2025\\\/08\\\/QS_Verbund.png\"},{\"@type\":\"BreadcrumbList\",\"@id\":\"https:\\\/\\\/labaells.cat\\\/es\\\/quienes-somos\\\/#breadcrumb\",\"itemListElement\":[{\"@type\":\"ListItem\",\"position\":1,\"name\":\"Inici\",\"item\":\"https:\\\/\\\/labaells.cat\\\/es\\\/\"},{\"@type\":\"ListItem\",\"position\":2,\"name\":\"Qui\u00e9nes Somos\"}]},{\"@type\":\"WebSite\",\"@id\":\"https:\\\/\\\/labaells.cat\\\/es\\\/#website\",\"url\":\"https:\\\/\\\/labaells.cat\\\/es\\\/\",\"name\":\"La Baells\",\"description\":\"central hidroel\u00e8ctrica reversibre\",\"publisher\":{\"@id\":\"https:\\\/\\\/labaells.cat\\\/es\\\/#organization\"},\"potentialAction\":[{\"@type\":\"SearchAction\",\"target\":{\"@type\":\"EntryPoint\",\"urlTemplate\":\"https:\\\/\\\/labaells.cat\\\/es\\\/?s={search_term_string}\"},\"query-input\":{\"@type\":\"PropertyValueSpecification\",\"valueRequired\":true,\"valueName\":\"search_term_string\"}}],\"inLanguage\":\"es\"},{\"@type\":\"Organization\",\"@id\":\"https:\\\/\\\/labaells.cat\\\/es\\\/#organization\",\"name\":\"La Baells\",\"url\":\"https:\\\/\\\/labaells.cat\\\/es\\\/\",\"logo\":{\"@type\":\"ImageObject\",\"inLanguage\":\"es\",\"@id\":\"https:\\\/\\\/labaells.cat\\\/es\\\/#\\\/schema\\\/logo\\\/image\\\/\",\"url\":\"https:\\\/\\\/labaells.cat\\\/wp-content\\\/uploads\\\/2025\\\/09\\\/Logo-La-Baells-Blanc.png\",\"contentUrl\":\"https:\\\/\\\/labaells.cat\\\/wp-content\\\/uploads\\\/2025\\\/09\\\/Logo-La-Baells-Blanc.png\",\"width\":2447,\"height\":701,\"caption\":\"La Baells\"},\"image\":{\"@id\":\"https:\\\/\\\/labaells.cat\\\/es\\\/#\\\/schema\\\/logo\\\/image\\\/\"}}]}<\/script>\n<!-- \/ Yoast SEO plugin. -->","yoast_head_json":{"title":"Qui\u00e9nes Somos - La Baells","robots":{"index":"index","follow":"follow","max-snippet":"max-snippet:-1","max-image-preview":"max-image-preview:large","max-video-preview":"max-video-preview:-1"},"canonical":"https:\/\/labaells.cat\/es\/quienes-somos\/","og_locale":"es_ES","og_type":"article","og_title":"Qui\u00e9nes Somos - La Baells","og_description":"\u00bfQui\u00e9nes somos? Verbund y E-Storagy unen su experiencia y liderazgo en energ\u00edas renovables para impulsar un proyecto clave para el futuro energ\u00e9tico de Catalu\u00f1a. VERBUND es la compa\u00f1\u00eda energ\u00e9tica l\u00edder de Austria y uno de los productores de hidroelectricidad m\u00e1s grandes de Europa. El Grupo genera alrededor del 97 % de su electricidad a partir [&hellip;]","og_url":"https:\/\/labaells.cat\/es\/quienes-somos\/","og_site_name":"La Baells","article_modified_time":"2026-01-14T09:24:58+00:00","og_image":[{"width":670,"height":304,"url":"https:\/\/labaells.cat\/wp-content\/uploads\/2025\/08\/QS_Verbund.png","type":"image\/png"}],"twitter_card":"summary_large_image","twitter_misc":{"Tiempo de lectura":"1 minuto"},"schema":{"@context":"https:\/\/schema.org","@graph":[{"@type":"WebPage","@id":"https:\/\/labaells.cat\/es\/quienes-somos\/","url":"https:\/\/labaells.cat\/es\/quienes-somos\/","name":"Qui\u00e9nes Somos - La Baells","isPartOf":{"@id":"https:\/\/labaells.cat\/es\/#website"},"primaryImageOfPage":{"@id":"https:\/\/labaells.cat\/es\/quienes-somos\/#primaryimage"},"image":{"@id":"https:\/\/labaells.cat\/es\/quienes-somos\/#primaryimage"},"thumbnailUrl":"https:\/\/labaells.cat\/wp-content\/uploads\/2025\/08\/QS_Verbund.png","datePublished":"2025-08-21T13:20:24+00:00","dateModified":"2026-01-14T09:24:58+00:00","breadcrumb":{"@id":"https:\/\/labaells.cat\/es\/quienes-somos\/#breadcrumb"},"inLanguage":"es","potentialAction":[{"@type":"ReadAction","target":["https:\/\/labaells.cat\/es\/quienes-somos\/"]}]},{"@type":"ImageObject","inLanguage":"es","@id":"https:\/\/labaells.cat\/es\/quienes-somos\/#primaryimage","url":"https:\/\/labaells.cat\/wp-content\/uploads\/2025\/08\/QS_Verbund.png","contentUrl":"https:\/\/labaells.cat\/wp-content\/uploads\/2025\/08\/QS_Verbund.png"},{"@type":"BreadcrumbList","@id":"https:\/\/labaells.cat\/es\/quienes-somos\/#breadcrumb","itemListElement":[{"@type":"ListItem","position":1,"name":"Inici","item":"https:\/\/labaells.cat\/es\/"},{"@type":"ListItem","position":2,"name":"Qui\u00e9nes Somos"}]},{"@type":"WebSite","@id":"https:\/\/labaells.cat\/es\/#website","url":"https:\/\/labaells.cat\/es\/","name":"La Baells","description":"central hidroel\u00e8ctrica reversibre","publisher":{"@id":"https:\/\/labaells.cat\/es\/#organization"},"potentialAction":[{"@type":"SearchAction","target":{"@type":"EntryPoint","urlTemplate":"https:\/\/labaells.cat\/es\/?s={search_term_string}"},"query-input":{"@type":"PropertyValueSpecification","valueRequired":true,"valueName":"search_term_string"}}],"inLanguage":"es"},{"@type":"Organization","@id":"https:\/\/labaells.cat\/es\/#organization","name":"La Baells","url":"https:\/\/labaells.cat\/es\/","logo":{"@type":"ImageObject","inLanguage":"es","@id":"https:\/\/labaells.cat\/es\/#\/schema\/logo\/image\/","url":"https:\/\/labaells.cat\/wp-content\/uploads\/2025\/09\/Logo-La-Baells-Blanc.png","contentUrl":"https:\/\/labaells.cat\/wp-content\/uploads\/2025\/09\/Logo-La-Baells-Blanc.png","width":2447,"height":701,"caption":"La Baells"},"image":{"@id":"https:\/\/labaells.cat\/es\/#\/schema\/logo\/image\/"}}]}},"_links":{"self":[{"href":"https:\/\/labaells.cat\/es\/wp-json\/wp\/v2\/pages\/899","targetHints":{"allow":["GET"]}}],"collection":[{"href":"https:\/\/labaells.cat\/es\/wp-json\/wp\/v2\/pages"}],"about":[{"href":"https:\/\/labaells.cat\/es\/wp-json\/wp\/v2\/types\/page"}],"author":[{"embeddable":true,"href":"https:\/\/labaells.cat\/es\/wp-json\/wp\/v2\/users\/1"}],"replies":[{"embeddable":true,"href":"https:\/\/labaells.cat\/es\/wp-json\/wp\/v2\/comments?post=899"}],"version-history":[{"count":25,"href":"https:\/\/labaells.cat\/es\/wp-json\/wp\/v2\/pages\/899\/revisions"}],"predecessor-version":[{"id":2510,"href":"https:\/\/labaells.cat\/es\/wp-json\/wp\/v2\/pages\/899\/revisions\/2510"}],"wp:attachment":[{"href":"https:\/\/labaells.cat\/es\/wp-json\/wp\/v2\/media?parent=899"}],"curies":[{"name":"wp","href":"https:\/\/api.w.org\/{rel}","templated":true}]}}